{"id":58,"date":"2025-02-22T16:04:40","date_gmt":"2025-02-22T16:04:40","guid":{"rendered":"https:\/\/ll-cm.de\/?page_id=58"},"modified":"2026-03-30T08:29:56","modified_gmt":"2026-03-30T08:29:56","slug":"impressum","status":"publish","type":"page","link":"https:\/\/ll-cm.de\/en\/impressum\/","title":{"rendered":"Impressum"},"content":{"rendered":"<p>LL Capital Management GmbH<br>Albertusstra\u00dfe 44a<br>41061 M\u00f6nchengladbach<br><br>Handelsregister B: 22358<br>Registergericht: Amtsgericht M\u00f6nchengladbach<\/p>\n\n\n\n<p>Vertreten durch:<br>Johannes Langkamp<br>Peter Lehnert<br>Susanne M\u00fcller<br>Tobias Reichardt<\/p>\n\n\n\n<p>Contact<br>Telefon: 02161 2771270<br>E-Mail: office@ll-cm.de<\/p>\n\n\n\n<p>Verbraucherstreitbeilegung\/Universalschlichtungsstelle<\/p>\n\n\n\n<p>Wir sind nicht bereit oder verpflichtet, an Streitbeilegungsverfahren vor einer Verbraucherschlichtungsstelle teilzunehmen.<\/p>\n\n\n\n<p>Zentrale Kontaktstelle nach dem Digital Services Act &#8211; DSA <br>(Verordnung (EU) 2022\/265)<br>Unsere zentrale Kontaktstelle f\u00fcr Nutzer und Beh\u00f6rden nach Art. 11, 12 DSA erreichen Sie wie folgt:<br>E-Mail: office@ll-cm.de <br>Telefon: 02161 277127 0<br>Die f\u00fcr den Kontakt zur Verf\u00fcgung stehenden Sprachen sind: Deutsch, Englisch.<\/p>\n\n\n\n<p><\/p>","protected":false},"excerpt":{"rendered":"<p>LL Capital Management GmbHAlbertusstra\u00dfe 44a41061 M\u00f6nchengladbach Handelsregister B: 22358Registergericht: Amtsgericht M\u00f6nchengladbach Vertreten durch:Johannes LangkampPeter LehnertSusanne M\u00fcllerTobias Reichardt KontaktTelefon: 02161 2771270E-Mail: office@ll-cm.de Verbraucherstreitbeilegung\/Universalschlichtungsstelle Wir sind nicht bereit oder verpflichtet, an Streitbeilegungsverfahren vor einer Verbraucherschlichtungsstelle teilzunehmen. Zentrale Kontaktstelle nach dem Digital Services Act &#8211; DSA (Verordnung (EU) 2022\/265)Unsere zentrale Kontaktstelle f\u00fcr Nutzer und Beh\u00f6rden nach Art. 11, [&hellip;]<\/p>\n","protected":false},"author":1,"featured_media":0,"parent":0,"menu_order":20,"comment_status":"closed","ping_status":"closed","template":"","meta":{"footnotes":""},"class_list":["post-58","page","type-page","status-publish","hentry","entry"],"aioseo_notices":[],"_links":{"self":[{"href":"https:\/\/ll-cm.de\/en\/wp-json\/wp\/v2\/pages\/58","targetHints":{"allow":["GET"]}}],"collection":[{"href":"https:\/\/ll-cm.de\/en\/wp-json\/wp\/v2\/pages"}],"about":[{"href":"https:\/\/ll-cm.de\/en\/wp-json\/wp\/v2\/types\/page"}],"author":[{"embeddable":true,"href":"https:\/\/ll-cm.de\/en\/wp-json\/wp\/v2\/users\/1"}],"replies":[{"embeddable":true,"href":"https:\/\/ll-cm.de\/en\/wp-json\/wp\/v2\/comments?post=58"}],"version-history":[{"count":4,"href":"https:\/\/ll-cm.de\/en\/wp-json\/wp\/v2\/pages\/58\/revisions"}],"predecessor-version":[{"id":369,"href":"https:\/\/ll-cm.de\/en\/wp-json\/wp\/v2\/pages\/58\/revisions\/369"}],"wp:attachment":[{"href":"https:\/\/ll-cm.de\/en\/wp-json\/wp\/v2\/media?parent=58"}],"curies":[{"name":"wp","href":"https:\/\/api.w.org\/{rel}","templated":true}]}}